{"id":15,"date":"2018-03-03T14:44:30","date_gmt":"2018-03-03T13:44:30","guid":{"rendered":"http:\/\/alainrebois.fr\/?page_id=15"},"modified":"2025-08-10T07:34:37","modified_gmt":"2025-08-10T05:34:37","slug":"loisirs","status":"publish","type":"page","link":"https:\/\/alainrebois.fr\/?page_id=15","title":{"rendered":"Loisirs"},"content":{"rendered":"<ul>\n<li>moto<\/li>\n<li>randonn\u00e9e<\/li>\n<li>V\u00e9lo<\/li>\n<li>Course \u00e0 pied<\/li>\n<li>Montagne<\/li>\n<\/ul>\n","protected":false},"excerpt":{"rendered":"<p>moto randonn\u00e9e V\u00e9lo Course \u00e0 pied Montagne<\/p>\n","protected":false},"author":1,"featured_media":0,"parent":0,"menu_order":0,"comment_status":"closed","ping_status":"closed","template":"","meta":{"footnotes":""},"class_list":["post-15","page","type-page","status-publish","hentry","entry"],"_links":{"self":[{"href":"https:\/\/alainrebois.fr\/index.php?rest_route=\/wp\/v2\/pages\/15","targetHints":{"allow":["GET"]}}],"collection":[{"href":"https:\/\/alainrebois.fr\/index.php?rest_route=\/wp\/v2\/pages"}],"about":[{"href":"https:\/\/alainrebois.fr\/index.php?rest_route=\/wp\/v2\/types\/page"}],"author":[{"embeddable":true,"href":"https:\/\/alainrebois.fr\/index.php?rest_route=\/wp\/v2\/users\/1"}],"replies":[{"embeddable":true,"href":"https:\/\/alainrebois.fr\/index.php?rest_route=%2Fwp%2Fv2%2Fcomments&post=15"}],"version-history":[{"count":4,"href":"https:\/\/alainrebois.fr\/index.php?rest_route=\/wp\/v2\/pages\/15\/revisions"}],"predecessor-version":[{"id":55,"href":"https:\/\/alainrebois.fr\/index.php?rest_route=\/wp\/v2\/pages\/15\/revisions\/55"}],"wp:attachment":[{"href":"https:\/\/alainrebois.fr\/index.php?rest_route=%2Fwp%2Fv2%2Fmedia&parent=15"}],"curies":[{"name":"wp","href":"https:\/\/api.w.org\/{rel}","templated":true}]}}